{"id":2,"date":"2021-12-15T13:58:22","date_gmt":"2021-12-15T12:58:22","guid":{"rendered":"https:\/\/cwohlgemuth.com\/?page_id=2"},"modified":"2022-02-07T07:28:56","modified_gmt":"2022-02-07T06:28:56","slug":"beispiel-seite","status":"publish","type":"page","link":"https:\/\/cwohlgemuth.com\/","title":{"rendered":"Home"},"content":{"rendered":"<section class=\"wpb-content-wrapper\"><p>[vc_row][vc_column][vc_column_text]<\/p>\n<h2 style=\"text-align: center;\">Caroline Wohlgemuth<\/h2>\n<p>[\/vc_column_text][\/vc_column][\/vc_row][vc_row][vc_column][vc_column_text]<\/p>\n<p style=\"text-align: center;\">Autorin<\/p>\n<p>[\/vc_column_text][\/vc_column][\/vc_row][vc_row][vc_column][vc_single_image image=&#8220;7&#8243; img_size=&#8220;full&#8220; add_caption=&#8220;yes&#8220; alignment=&#8220;center&#8220;][\/vc_column][\/vc_row][vc_row][vc_column][vc_column_text]<\/p>\n<p style=\"text-align: center;\">Mag. Dr. Caroline Wohlgemuth MAS studierte Rechtswissenschaften und Kunstmanagement in Wien und in London. Im Rahmen ihres Studiums an der Universit\u00e4t f\u00fcr angewandte Kunst Wien befasste sie sich wissenschaftlich mit der Geschichte des Wiener M\u00f6beldesigns und der Vertreibung unz\u00e4hliger j\u00fcdischer ArchitektInnen und M\u00f6beldesignerInnen aus Wien im Jahr 1938.<\/p>\n<p>[\/vc_column_text][\/vc_column][\/vc_row][vc_row][vc_column][vc_column_text]<\/p>\n<h3 style=\"text-align: center;\">Mid-Century Modern \u2013 Vision\u00e4res M\u00f6beldesign aus Wien<\/h3>\n<p>[\/vc_column_text][\/vc_column][\/vc_row][vc_row][vc_column][vc_single_image image=&#8220;24&#8243; img_size=&#8220;full&#8220; alignment=&#8220;center&#8220;][vc_single_image image=&#8220;22&#8243; img_size=&#8220;full&#8220;][vc_single_image image=&#8220;21&#8243; img_size=&#8220;full&#8220;][vc_single_image image=&#8220;20&#8243; img_size=&#8220;full&#8220;][vc_single_image image=&#8220;19&#8243; img_size=&#8220;full&#8220;][vc_single_image image=&#8220;18&#8243; img_size=&#8220;full&#8220;][\/vc_column][\/vc_row][vc_row][vc_column][vc_single_image image=&#8220;23&#8243; img_size=&#8220;full&#8220;][\/vc_column][\/vc_row][vc_row][vc_column][vc_column_text]<\/p>\n<p style=\"text-align: center;\"><strong>Zum Buch<\/strong><\/p>\n<p style=\"text-align: center;\">Wien verlor im Jahr 1938 seine kreativsten und besten K\u00f6pfe. Ein Riss in der Zeit, der sich quer durch alle Wissenschaften und K\u00fcnste manifestierte und bis heute sp\u00fcrbar geblieben ist \u2013 auch im M\u00f6beldesign.<\/p>\n<p style=\"text-align: center;\">Mit ihrer unersch\u00f6pflichen Kreativit\u00e4t wirkten die DesignerInnen aus Wien im Exil weiter. Sie unterrichteten an den besten Universit\u00e4ten und verbreiteten ihre Ideen und Visionen auf der ganzen Welt. Ihre M\u00f6bel wurden zu Design-Ikonen des 20.\u00a0Jahrhunderts und zum Inbegriff des Mid-Century Modern Style.<\/p>\n<p style=\"text-align: center;\">Das Buch ruft die aus Wien vertriebenen j\u00fcdischen M\u00f6beldesignerInnen in Erinnerung, erz\u00e4hlt ihre Lebensgeschichten und zeigt ihre vision\u00e4ren Entw\u00fcrfe, die heute aktueller sind denn je.<\/p>\n<p style=\"text-align: center;\"><strong>\u00a0<\/strong><\/p>\n<p style=\"text-align: center;\">Eine neue Geschichte des Wiener M\u00f6beldesigns, mit 25 umfangreichen Biografien<\/p>\n<p style=\"text-align: center;\">Vergessene Namen<\/p>\n<p style=\"text-align: center;\">Die ersten M\u00f6beldesignerinnen aus Wien<\/p>\n<p style=\"text-align: center;\">Zahlreiche unver\u00f6ffentlichte Fotografien und Skizzen<\/p>\n<p style=\"text-align: center;\">Mit Werken von Friedl Dicker-Brandeis, Jacqueline Groag, Josef Frank, Franz Singer, Friedrich Kiesler, Ernst Lichtblau, Richard Neutra, Martin Eisler<\/p>\n<p>&nbsp;<\/p>\n<p>&nbsp;<\/p>\n<p><strong>Details: <\/strong><\/p>\n<p>Verlag: Edition Angewandte \u2013 Buchreiche der Universit\u00e4t f\u00fcr angewandte Kunst Wien, Birkh\u00e4user Basel<\/p>\n<p>Copyright Jahr: 2022<br \/>\nSeiten: 296<br \/>\nAbbildungen: 72 s\/w, 112 Farbabbildungen<br \/>\nSprachen: Deutsch und Englisch<br \/>\nTitel der englischen Ausgabe:<br \/>\nMid-Century Modern \u2013 Visionary Furniture Design from Vienna<\/p>\n<p>Gebunde Ausgabe:<br \/>\n978-3-0356-2177-8 DE<br \/>\n978-3-0356-2409-0 EN<\/p>\n<p>E-Book:<\/p>\n<p>978-3-0356-2239-3 DE<br \/>\n978-3-0356-2409-5 EN<\/p>\n<p>Preis: 49,95 \u20ac<strong>\u00a0<\/strong>[\/vc_column_text][\/vc_column][\/vc_row][vc_row][vc_column][vc_column_text]<\/p>\n<h3 style=\"text-align: center;\">Verlag<\/h3>\n<p>[\/vc_column_text][\/vc_column][\/vc_row][vc_row][vc_column width=&#8220;1\/2&#8243;][vc_single_image image=&#8220;41&#8243; img_size=&#8220;medium&#8220; alignment=&#8220;center&#8220; onclick=&#8220;custom_link&#8220; link=&#8220;https:\/\/www.dieangewandte.at\/aktuell\/publikationen\/publikation_detail?publikation_id=1642059776684&#8243;][\/vc_column][vc_column width=&#8220;1\/2&#8243;][vc_single_image image=&#8220;40&#8243; alignment=&#8220;center&#8220; onclick=&#8220;custom_link&#8220; link=&#8220;https:\/\/birkhauser.com\/de\/search?&amp;q=Wohlgemuth&#8220;][\/vc_column][\/vc_row][vc_row][vc_column][vc_column_text]<\/p>\n<p style=\"text-align: center;\">Kontakt: <a href=\"mailto:info@cwohlgemuth.at\">info@cwohlgemuth.at<\/a><\/p>\n<p>[\/vc_column_text][\/vc_column][\/vc_row]<\/p>\n<\/section>","protected":false},"excerpt":{"rendered":"<p>[vc_row][vc_column][vc_column_text] Caroline Wohlgemuth [\/vc_column_text][\/vc_column][\/vc_row][vc_row][vc_column][vc_column_text] Autorin [\/vc_column_text][\/vc_column][\/vc_row][vc_row][vc_column][vc_single_image image=&#8220;7&#8243; img_size=&#8220;full&#8220; add_caption=&#8220;yes&#8220; alignment=&#8220;center&#8220;][\/vc_column][\/vc_row][vc_row][vc_column][vc_column_text] Mag. Dr. Caroline Wohlgemuth MAS studierte Rechtswissenschaften und Kunstmanagement in Wien und in London. Im Rahmen ihres Studiums an der Universit\u00e4t f\u00fcr angewandte Kunst Wien befasste sie sich wissenschaftlich mit der Geschichte des Wiener M\u00f6beldesigns und der Vertreibung unz\u00e4hliger j\u00fcdischer ArchitektInnen und M\u00f6beldesignerInnen aus Wien&hellip; <a class=\"more-link\" href=\"https:\/\/cwohlgemuth.com\/\"><span class=\"screen-reader-text\">Home<\/span> weiterlesen<\/a><\/p>\n","protected":false},"author":1,"featured_media":0,"parent":0,"menu_order":0,"comment_status":"closed","ping_status":"open","template":"","meta":{"footnotes":""},"class_list":["post-2","page","type-page","status-publish","hentry","entry"],"_links":{"self":[{"href":"https:\/\/cwohlgemuth.com\/index.php?rest_route=\/wp\/v2\/pages\/2","targetHints":{"allow":["GET"]}}],"collection":[{"href":"https:\/\/cwohlgemuth.com\/index.php?rest_route=\/wp\/v2\/pages"}],"about":[{"href":"https:\/\/cwohlgemuth.com\/index.php?rest_route=\/wp\/v2\/types\/page"}],"author":[{"embeddable":true,"href":"https:\/\/cwohlgemuth.com\/index.php?rest_route=\/wp\/v2\/users\/1"}],"replies":[{"embeddable":true,"href":"https:\/\/cwohlgemuth.com\/index.php?rest_route=%2Fwp%2Fv2%2Fcomments&post=2"}],"version-history":[{"count":35,"href":"https:\/\/cwohlgemuth.com\/index.php?rest_route=\/wp\/v2\/pages\/2\/revisions"}],"predecessor-version":[{"id":57,"href":"https:\/\/cwohlgemuth.com\/index.php?rest_route=\/wp\/v2\/pages\/2\/revisions\/57"}],"wp:attachment":[{"href":"https:\/\/cwohlgemuth.com\/index.php?rest_route=%2Fwp%2Fv2%2Fmedia&parent=2"}],"curies":[{"name":"wp","href":"https:\/\/api.w.org\/{rel}","templated":true}]}}